{"id":121,"date":"2020-01-27T11:18:26","date_gmt":"2020-01-27T10:18:26","guid":{"rendered":"http:\/\/www.poztel.com.pl\/?page_id=121"},"modified":"2025-04-15T09:34:09","modified_gmt":"2025-04-15T07:34:09","slug":"ogloszenia-spolki","status":"publish","type":"page","link":"https:\/\/www.poztel.com.pl\/index.php\/ogloszenia-spolki\/","title":{"rendered":"Og\u0142oszenia sp\u00f3\u0142ki"},"content":{"rendered":"<p>15.04.2025<\/p>\n<p>Zarz\u0105d Sp\u00f3\u0142ki Poztel SA<\/p>\n<p><strong>zwo\u0142uje<\/strong><\/p>\n<p><strong>\u00a0<\/strong>Zwyczajne Walne Zgromadzenie Akcjonariuszy, kt\u00f3re odb\u0119dzie si\u0119\u00a0 \u00a015 maja 2025 roku<\/p>\n<p>o godzinie\u00a0 10.00 w siedzibie Zarz\u0105du Sp\u00f3\u0142ki \u00a0w Poznaniu \u00a0ul.\u00a0 Jawornicka 8<\/p>\n<p><a href=\"https:\/\/www.poztel.com.pl\/wp-content\/uploads\/2025\/04\/OGLOSZENIE-ZWZA-15_05_2025.pdf\">tre\u015b\u0107 og\u0142oszenia &#8211;\u00a0OG\u0141OSZENIE ZWZA 15_05_2025<\/a><\/p>\n<p>**************************************************************************************************************************************<\/p>\n<p>27.05.2024<\/p>\n<p>Zarz\u0105d Sp\u00f3\u0142ki Poztel SA<\/p>\n<p><strong>zwo\u0142uje<\/strong><\/p>\n<p><strong>\u00a0<\/strong>Zwyczajne Walne Zgromadzenie Akcjonariuszy, kt\u00f3re odb\u0119dzie si\u0119\u00a0 \u00a011 czerwca 2024 roku<\/p>\n<p>o godzinie\u00a0 10.00 w siedzibie Zarz\u0105du Sp\u00f3\u0142ki \u00a0w Poznaniu \u00a0ul.\u00a0 Jawornicka 8<\/p>\n<p>tre\u015b\u0107 og\u0142oszenia &#8211; <a href=\"https:\/\/www.poztel.com.pl\/wp-content\/uploads\/2024\/05\/OGLOSZENIE-WZA-11_06_2024.pdf\">OG\u0141OSZENIE WZA 11_06_2024<\/a><\/p>\n<p>**************************************************************************************************************************************<\/p>\n<p>05.06.2023<\/p>\n<p>Zarz\u0105d Sp\u00f3\u0142ki Poztel SA<\/p>\n<p><strong>zwo\u0142uje<\/strong><\/p>\n<p><strong>\u00a0<\/strong>Zwyczajne Walne Zgromadzenie Akcjonariuszy, kt\u00f3re odb\u0119dzie si\u0119\u00a0 \u00a022 czerwca 2023 roku<\/p>\n<p>o godzinie\u00a0 10.00 w siedzibie Zarz\u0105du Sp\u00f3\u0142ki \u00a0w Poznaniu \u00a0ul.\u00a0 Jawornicka 8<\/p>\n<p>tre\u015b\u0107 og\u0142oszenia &#8211; <a href=\"https:\/\/www.poztel.com.pl\/wp-content\/uploads\/2023\/06\/OGLOSZENIE-ZWZA-22-06_2023.pdf\">OG\u0141OSZENIE ZWZA 22-06_2023<\/a><\/p>\n<p>***************************************************************************************************************<\/p>\n<p>27.05.2022<\/p>\n<p>Zarz\u0105d Sp\u00f3\u0142ki Poztel SA<\/p>\n<p><strong>zwo\u0142uje<\/strong><\/p>\n<p><strong>\u00a0<\/strong>Zwyczajne Walne Zgromadzenie Akcjonariuszy, kt\u00f3re odb\u0119dzie si\u0119\u00a0 \u00a023 czerwca 2022 roku<\/p>\n<p>o godzinie\u00a0 9.00 w siedzibie Zarz\u0105du Sp\u00f3\u0142ki \u00a0w Poznaniu \u00a0ul.\u00a0 Jawornicka 8<\/p>\n<p>tre\u015b\u0107 og\u0142oszenia &#8211;\u00a0<a href=\"https:\/\/www.poztel.com.pl\/wp-content\/uploads\/2020\/01\/OG\u0141OSZENIE-O-ZWZA-06_2022.pdf\">OG\u0141OSZENIE O ZWZA 06_2022<\/a><\/p>\n<p>**************************************************************************************************************************************<\/p>\n<p>06.05.2021<\/p>\n<p>Zarz\u0105d Sp\u00f3\u0142ki Poztel SA<\/p>\n<p><strong>zwo\u0142uje<\/strong><\/p>\n<p><strong>\u00a0<\/strong>Zwyczajne Walne Zgromadzenie Akcjonariuszy, kt\u00f3re odb\u0119dzie si\u0119\u00a0 \u00a08 czerwca 2021 roku<\/p>\n<p>o godzinie\u00a0 9.00 w siedzibie Zarz\u0105du Sp\u00f3\u0142ki \u00a0w Poznaniu \u00a0ul.\u00a0 Jawornicka 8<\/p>\n<p>tre\u015b\u0107 og\u0142oszenia &#8211;\u00a0<a href=\"https:\/\/www.poztel.com.pl\/wp-content\/uploads\/2020\/01\/og\u0142oszenie-o-ZWZA-08_2021.pdf\">og\u0142oszenie o ZWZA 08_2021<\/a><\/p>\n<p><strong>Informacja dla akcjonariuszy<\/strong><\/p>\n<p>1.03.2021 Uruchomiony zosta\u0142 rejestr akcjonariuszy sp\u00f3\u0142ki Poztel SA. Akcjonariusze kt\u00f3rzy udost\u0119pnili sw\u00f3j adres e-mail, otrzymali na podany adres informacj\u0119 o utworzeniu konta w aplikacji web Domu Maklerskiego Navigator S.A. z siedzib\u0105 w Warszawie (\u201eDM Navigator\u201d) dedykowanej do prowadzenia rejestru akcjonariuszy przez DM Navigator. Aplikacja pozwala akcjonariuszom na dost\u0119p on-line do informacji zawartych w rejestrze. Zarz\u0105d zach\u0119ca akcjonariuszy, kt\u00f3rzy nie podali swoich adres\u00f3w e-mail, do skorzystania z tego prawa.<\/p>\n<p>29.07.2020<\/p>\n<p>Zarz\u0105d Sp\u00f3\u0142ki Poztel SA informuje o rozpocz\u0119ciu procesu dematerializacji akcji w celu utworzenia rejestru akcjonariuszy w Domu Maklerskim Navigator.<br \/>\nZgodnie z KSH wszyscy akcjonariusze Poztel SA od lipca do listopada 2020 roku b\u0119d\u0105 otrzymywali pisemne wezwania do zwrotu akcji. Wraz z pierwszym wezwaniem akcjonariusze sp\u00f3\u0142ki otrzymaj\u0105 kopi\u0119 dokument\u00f3w swoich akcji oraz o\u015bwiadczenie\u00a0zawieraj\u0105ce w tre\u015bci :<\/p>\n<ol>\n<li>informacja o ilo\u015bci posiadanych przez akcjonariusza akcji<\/li>\n<li>zrzeczenie si\u0119 akcjonariusza do wydania dokument\u00f3w akcji<\/li>\n<li>zgoda akcjonariusza na dokonanie wpisu do rejestru akcjonariuszy.<\/li>\n<\/ol>\n<p>Zarz\u0105d zwraca si\u0119 do akcjonariuszy o podpisanie i odes\u0142anie o\u015bwiadczenia do siedziby sp\u00f3\u0142ki. Akcjonariusz mo\u017ce dokona\u0107 tych czynno\u015bci osobi\u015bcie w sekretariacie sp\u00f3\u0142ki. Wydrukowane dokumenty akcji wraz z podpisanymi o\u015bwiadczeniami pozostan\u0105 w depozycie sp\u00f3\u0142ki i b\u0119d\u0105 dokumentacj\u0105 pozwalaj\u0105c\u0105 na za\u0142o\u017cenie rejestru akcjonariuszy.<\/p>\n<p style=\"text-align: justify;\">Akcjonariusz, kt\u00f3ry nie podpisze o\u015bwiadczenia lub nie przyjedzie do siedziby sp\u00f3\u0142ki w celu odbioru i zwrotu akcji nie b\u0119dzie wpisany do rejestru akcjonariuszy. Rejestr zostanie uruchomiony 1.03.2021 roku. Po tej dacie akcjonariusz b\u0119dzie mia\u0142 jeszcze pi\u0119\u0107 lat na wykonanie wy\u017cej opisanych czynno\u015bci. Jakkolwiek po uruchomieniu rejestru akcjonariuszy prawo do korzystania z uprawnie\u0144 akcjonariusza b\u0119d\u0105 mieli wy\u0142\u0105cznie ujawnieni w rejestrze akcjonariusze. Po 1.03.2026 roku akcjonariusz, kt\u00f3ry nie spe\u0142ni wymaganych prawem obowi\u0105zk\u00f3w utraci prawa akcjonariusza.<\/p>\n<p>**************************************************************************************************************************************<\/p>\n<p>29.05.2020<\/p>\n<p>Zarz\u0105d Sp\u00f3\u0142ki Poztel SA<\/p>\n<p><strong>zwo\u0142uje<\/strong><\/p>\n<p><strong>\u00a0<\/strong>Zwyczajne Walne Zgromadzenie Akcjonariuszy, kt\u00f3re odb\u0119dzie si\u0119\u00a0 \u00a017 czerwca 2020 roku<\/p>\n<p>o godzinie \u00a010.00 w siedzibie Zarz\u0105du Sp\u00f3\u0142ki \u00a0w Poznaniu \u00a0ul.\u00a0 Jawornicka 8<\/p>\n<p>tre\u015b\u0107 og\u0142oszenia &#8211;\u00a0<a href=\"http:\/\/www.poztel.com.pl\/wp-content\/uploads\/2020\/01\/OG\u0141OSZENIE-O-ZWZA-06_2020.pdf\">OG\u0141OSZENIE O ZWZA 06_2020<\/a><\/p>\n","protected":false},"excerpt":{"rendered":"<p>15.04.2025 Zarz\u0105d Sp\u00f3\u0142ki Poztel SA zwo\u0142uje \u00a0Zwyczajne Walne Zgromadzenie Akcjonariuszy, kt\u00f3re odb\u0119dzie si\u0119\u00a0 \u00a015 maja 2025 roku o godzinie\u00a0 10.00 w siedzibie Zarz\u0105du Sp\u00f3\u0142ki \u00a0w Poznaniu \u00a0ul.\u00a0 Jawornicka 8 tre\u015b\u0107 og\u0142oszenia &#8211;\u00a0OG\u0141OSZENIE ZWZA 15_05_2025 ************************************************************************************************************************************** 27.05.2024 Zarz\u0105d Sp\u00f3\u0142ki Poztel SA zwo\u0142uje \u00a0Zwyczajne Walne Zgromadzenie Akcjonariuszy, kt\u00f3re odb\u0119dzie si\u0119\u00a0 \u00a011 czerwca 2024 roku o godzinie\u00a0 10.00 [&hellip;]<\/p>\n","protected":false},"author":1,"featured_media":0,"parent":0,"menu_order":0,"comment_status":"closed","ping_status":"closed","template":"","meta":[],"_links":{"self":[{"href":"https:\/\/www.poztel.com.pl\/index.php\/wp-json\/wp\/v2\/pages\/121"}],"collection":[{"href":"https:\/\/www.poztel.com.pl\/index.php\/wp-json\/wp\/v2\/pages"}],"about":[{"href":"https:\/\/www.poztel.com.pl\/index.php\/wp-json\/wp\/v2\/types\/page"}],"author":[{"embeddable":true,"href":"https:\/\/www.poztel.com.pl\/index.php\/wp-json\/wp\/v2\/users\/1"}],"replies":[{"embeddable":true,"href":"https:\/\/www.poztel.com.pl\/index.php\/wp-json\/wp\/v2\/comments?post=121"}],"version-history":[{"count":11,"href":"https:\/\/www.poztel.com.pl\/index.php\/wp-json\/wp\/v2\/pages\/121\/revisions"}],"predecessor-version":[{"id":192,"href":"https:\/\/www.poztel.com.pl\/index.php\/wp-json\/wp\/v2\/pages\/121\/revisions\/192"}],"wp:attachment":[{"href":"https:\/\/www.poztel.com.pl\/index.php\/wp-json\/wp\/v2\/media?parent=121"}],"curies":[{"name":"wp","href":"https:\/\/api.w.org\/{rel}","templated":true}]}}