{"id":12,"date":"2017-10-12T22:08:10","date_gmt":"2017-10-12T20:08:10","guid":{"rendered":"http:\/\/www.poztel.com.pl\/?page_id=12"},"modified":"2022-07-15T08:06:37","modified_gmt":"2022-07-15T06:06:37","slug":"stacja-paliw","status":"publish","type":"page","link":"https:\/\/www.poztel.com.pl\/index.php\/stacja-paliw\/","title":{"rendered":"STACJA PALIW"},"content":{"rendered":"<div dir=\"auto\">Stacja paliw jest zarz\u0105dzana przez firm\u0119 Watis. Prowadzi sprzeda\u017c paliw i towar\u00f3w w sklepie.<\/div>\n<div dir=\"auto\">W s\u0105siedztwie stacji paliw znajduje si\u0119 r\u0119czna myjnia samochodowa oraz<\/div>\n<div dir=\"auto\">serwis\u00a0 samochod\u00f3w i wulkanizacja<\/div>\n<p class=\"style4\">\n<p class=\"style4\">60-167 Pozna\u0144<\/p>\n<p class=\"style4\">ul. Wo\u0142czy\u0144ska 50<\/p>\n<p class=\"style4\">\n<p><code id=\"envira_shortcode_id_77\"><div id=\"envira-gallery-wrap-77\" class=\"envira-gallery-wrap envira-gallery-theme-base envira-lightbox-theme-base_dark\" itemscope itemtype=\"http:\/\/schema.org\/ImageGallery\"><div data-row-height=\"\" data-justified-margins=\"\" data-gallery-theme=\"\" id=\"envira-gallery-77\" class=\"envira-gallery-public  envira-gallery-3-columns envira-clear enviratope envira-gallery-css-animations\" data-envira-columns=\"3\"><div id=\"envira-gallery-item-164\" class=\"envira-gallery-item enviratope-item envira-gallery-item-1\" style=\"padding-left: 5px; padding-bottom: 10px; padding-right: 5px;\"  itemscope itemtype=\"http:\/\/schema.org\/ImageObject\"><div class=\"envira-gallery-item-inner\"><div class=\"envira-gallery-position-overlay  envira-gallery-top-left\"><\/div><div class=\"envira-gallery-position-overlay  envira-gallery-top-right\"><\/div><div class=\"envira-gallery-position-overlay  envira-gallery-bottom-left\"><\/div><div class=\"envira-gallery-position-overlay  envira-gallery-bottom-right\"><\/div><a  href=\"https:\/\/www.poztel.com.pl\/wp-content\/uploads\/2022\/07\/20220714_122744-Kopiowanie.jpg\" class=\"envira-gallery-77 envira-gallery-link \" rel=\"enviragallery77\" title=\"20220714_122744 (Kopiowanie)\" data-envira-caption=\"20220714_122744 (Kopiowanie)\" data-envira-retina=\"\" data-thumbnail=\"https:\/\/www.poztel.com.pl\/wp-content\/uploads\/2022\/07\/20220714_122744-Kopiowanie-150x100_c.jpg\" data-mobile-thumbnail=\"https:\/\/www.poztel.com.pl\/wp-content\/uploads\/2022\/07\/20220714_122744-Kopiowanie-150x100_c.jpg\"  itemprop=\"contentUrl\" ><img id=\"envira-gallery-image-164\" class=\"envira-gallery-image envira-lazy envira-gallery-image-1\" data-envira-index=\"1\" src=\"https:\/\/www.poztel.com.pl\/wp-content\/uploads\/2022\/07\/20220714_122744-Kopiowanie-768x433.jpg\" data-envira-src=\"https:\/\/www.poztel.com.pl\/wp-content\/uploads\/2022\/07\/20220714_122744-Kopiowanie-768x433.jpg\" data-envira-gallery-id=\"77\" data-envira-item-id=\"164\" data-envira-caption=\"\" alt=\"\" title=\"20220714_122744 (Kopiowanie)\"  itemprop=\"thumbnailUrl\" data-envira-srcset=\"https:\/\/www.poztel.com.pl\/wp-content\/uploads\/2022\/07\/20220714_122744-Kopiowanie-768x433.jpg 1x,https:\/\/www.poztel.com.pl\/wp-content\/uploads\/2022\/07\/20220714_122744-Kopiowanie-1536x960.jpg 2x\" srcset=\"https:\/\/www.poztel.com.pl\/wp-content\/uploads\/2022\/07\/20220714_122744-Kopiowanie-768x433.jpg 1x,https:\/\/www.poztel.com.pl\/wp-content\/uploads\/2022\/07\/20220714_122744-Kopiowanie-1536x960.jpg 2x\" \/><\/a><\/div><\/div><div id=\"envira-gallery-item-166\" class=\"envira-gallery-item enviratope-item envira-gallery-item-2\" style=\"padding-left: 5px; padding-bottom: 10px; padding-right: 5px;\"  itemscope itemtype=\"http:\/\/schema.org\/ImageObject\"><div class=\"envira-gallery-item-inner\"><div class=\"envira-gallery-position-overlay  envira-gallery-top-left\"><\/div><div class=\"envira-gallery-position-overlay  envira-gallery-top-right\"><\/div><div class=\"envira-gallery-position-overlay  envira-gallery-bottom-left\"><\/div><div class=\"envira-gallery-position-overlay  envira-gallery-bottom-right\"><\/div><a  href=\"https:\/\/www.poztel.com.pl\/wp-content\/uploads\/2022\/07\/20220714_123014-Kopiowanie.jpg\" class=\"envira-gallery-77 envira-gallery-link \" rel=\"enviragallery77\" title=\"20220714_123014 (Kopiowanie)\" data-envira-caption=\"20220714_123014 (Kopiowanie)\" data-envira-retina=\"\" data-thumbnail=\"https:\/\/www.poztel.com.pl\/wp-content\/uploads\/2022\/07\/20220714_123014-Kopiowanie-150x100_c.jpg\" data-mobile-thumbnail=\"https:\/\/www.poztel.com.pl\/wp-content\/uploads\/2022\/07\/20220714_123014-Kopiowanie-150x100_c.jpg\"  itemprop=\"contentUrl\" ><img id=\"envira-gallery-image-166\" class=\"envira-gallery-image envira-lazy envira-gallery-image-2\" data-envira-index=\"2\" src=\"https:\/\/www.poztel.com.pl\/wp-content\/uploads\/2022\/07\/20220714_123014-Kopiowanie-768x433.jpg\" data-envira-src=\"https:\/\/www.poztel.com.pl\/wp-content\/uploads\/2022\/07\/20220714_123014-Kopiowanie-768x433.jpg\" data-envira-gallery-id=\"77\" data-envira-item-id=\"166\" data-envira-caption=\"\" alt=\"\" title=\"20220714_123014 (Kopiowanie)\"  itemprop=\"thumbnailUrl\" data-envira-srcset=\"https:\/\/www.poztel.com.pl\/wp-content\/uploads\/2022\/07\/20220714_123014-Kopiowanie-768x433.jpg 1x,https:\/\/www.poztel.com.pl\/wp-content\/uploads\/2022\/07\/20220714_123014-Kopiowanie-1536x960.jpg 2x\" srcset=\"https:\/\/www.poztel.com.pl\/wp-content\/uploads\/2022\/07\/20220714_123014-Kopiowanie-768x433.jpg 1x,https:\/\/www.poztel.com.pl\/wp-content\/uploads\/2022\/07\/20220714_123014-Kopiowanie-1536x960.jpg 2x\" \/><\/a><\/div><\/div><div id=\"envira-gallery-item-165\" class=\"envira-gallery-item enviratope-item envira-gallery-item-3\" style=\"padding-left: 5px; padding-bottom: 10px; padding-right: 5px;\"  itemscope itemtype=\"http:\/\/schema.org\/ImageObject\"><div class=\"envira-gallery-item-inner\"><div class=\"envira-gallery-position-overlay  envira-gallery-top-left\"><\/div><div class=\"envira-gallery-position-overlay  envira-gallery-top-right\"><\/div><div class=\"envira-gallery-position-overlay  envira-gallery-bottom-left\"><\/div><div class=\"envira-gallery-position-overlay  envira-gallery-bottom-right\"><\/div><a  href=\"https:\/\/www.poztel.com.pl\/wp-content\/uploads\/2022\/07\/20220714_122848-Kopiowanie.jpg\" class=\"envira-gallery-77 envira-gallery-link \" rel=\"enviragallery77\" title=\"20220714_122848 (Kopiowanie)\" data-envira-caption=\"20220714_122848 (Kopiowanie)\" data-envira-retina=\"\" data-thumbnail=\"https:\/\/www.poztel.com.pl\/wp-content\/uploads\/2022\/07\/20220714_122848-Kopiowanie-150x100_c.jpg\" data-mobile-thumbnail=\"https:\/\/www.poztel.com.pl\/wp-content\/uploads\/2022\/07\/20220714_122848-Kopiowanie-150x100_c.jpg\"  itemprop=\"contentUrl\" ><img id=\"envira-gallery-image-165\" class=\"envira-gallery-image envira-lazy envira-gallery-image-3\" data-envira-index=\"3\" src=\"https:\/\/www.poztel.com.pl\/wp-content\/uploads\/2022\/07\/20220714_122848-Kopiowanie.jpg\" data-envira-src=\"https:\/\/www.poztel.com.pl\/wp-content\/uploads\/2022\/07\/20220714_122848-Kopiowanie.jpg\" data-envira-gallery-id=\"77\" data-envira-item-id=\"165\" data-envira-caption=\"\" alt=\"\" title=\"20220714_122848 (Kopiowanie)\"  itemprop=\"thumbnailUrl\" data-envira-srcset=\"https:\/\/www.poztel.com.pl\/wp-content\/uploads\/2022\/07\/20220714_122848-Kopiowanie.jpg 1x,https:\/\/www.poztel.com.pl\/wp-content\/uploads\/2022\/07\/20220714_122848-Kopiowanie-1536x960.jpg 2x\" srcset=\"https:\/\/www.poztel.com.pl\/wp-content\/uploads\/2022\/07\/20220714_122848-Kopiowanie.jpg 1x,https:\/\/www.poztel.com.pl\/wp-content\/uploads\/2022\/07\/20220714_122848-Kopiowanie-1536x960.jpg 2x\" \/><\/a><\/div><\/div><div id=\"envira-gallery-item-170\" class=\"envira-gallery-item enviratope-item envira-gallery-item-4\" style=\"padding-left: 5px; padding-bottom: 10px; padding-right: 5px;\"  itemscope itemtype=\"http:\/\/schema.org\/ImageObject\"><div class=\"envira-gallery-item-inner\"><div class=\"envira-gallery-position-overlay  envira-gallery-top-left\"><\/div><div class=\"envira-gallery-position-overlay  envira-gallery-top-right\"><\/div><div class=\"envira-gallery-position-overlay  envira-gallery-bottom-left\"><\/div><div class=\"envira-gallery-position-overlay  envira-gallery-bottom-right\"><\/div><a  href=\"https:\/\/www.poztel.com.pl\/wp-content\/uploads\/2022\/07\/20220714_123353-Kopiowanie.jpg\" class=\"envira-gallery-77 envira-gallery-link \" rel=\"enviragallery77\" title=\"20220714_123353 (Kopiowanie)\" data-envira-caption=\"20220714_123353 (Kopiowanie)\" data-envira-retina=\"\" data-thumbnail=\"https:\/\/www.poztel.com.pl\/wp-content\/uploads\/2022\/07\/20220714_123353-Kopiowanie-150x100_c.jpg\" data-mobile-thumbnail=\"https:\/\/www.poztel.com.pl\/wp-content\/uploads\/2022\/07\/20220714_123353-Kopiowanie-150x100_c.jpg\"  itemprop=\"contentUrl\" ><img id=\"envira-gallery-image-170\" class=\"envira-gallery-image envira-lazy envira-gallery-image-4\" data-envira-index=\"4\" src=\"https:\/\/www.poztel.com.pl\/wp-content\/uploads\/2022\/07\/20220714_123353-Kopiowanie-768x433.jpg\" data-envira-src=\"https:\/\/www.poztel.com.pl\/wp-content\/uploads\/2022\/07\/20220714_123353-Kopiowanie-768x433.jpg\" data-envira-gallery-id=\"77\" data-envira-item-id=\"170\" data-envira-caption=\"\" alt=\"\" title=\"20220714_123353 (Kopiowanie)\"  itemprop=\"thumbnailUrl\" data-envira-srcset=\"https:\/\/www.poztel.com.pl\/wp-content\/uploads\/2022\/07\/20220714_123353-Kopiowanie-768x433.jpg 1x,https:\/\/www.poztel.com.pl\/wp-content\/uploads\/2022\/07\/20220714_123353-Kopiowanie-1536x960.jpg 2x\" srcset=\"https:\/\/www.poztel.com.pl\/wp-content\/uploads\/2022\/07\/20220714_123353-Kopiowanie-768x433.jpg 1x,https:\/\/www.poztel.com.pl\/wp-content\/uploads\/2022\/07\/20220714_123353-Kopiowanie-1536x960.jpg 2x\" \/><\/a><\/div><\/div><div id=\"envira-gallery-item-168\" class=\"envira-gallery-item enviratope-item envira-gallery-item-5\" style=\"padding-left: 5px; padding-bottom: 10px; padding-right: 5px;\"  itemscope itemtype=\"http:\/\/schema.org\/ImageObject\"><div class=\"envira-gallery-item-inner\"><div class=\"envira-gallery-position-overlay  envira-gallery-top-left\"><\/div><div class=\"envira-gallery-position-overlay  envira-gallery-top-right\"><\/div><div class=\"envira-gallery-position-overlay  envira-gallery-bottom-left\"><\/div><div class=\"envira-gallery-position-overlay  envira-gallery-bottom-right\"><\/div><a  href=\"https:\/\/www.poztel.com.pl\/wp-content\/uploads\/2022\/07\/20220714_123146-Kopiowanie.jpg\" class=\"envira-gallery-77 envira-gallery-link \" rel=\"enviragallery77\" title=\"20220714_123146 (Kopiowanie)\" data-envira-caption=\"20220714_123146 (Kopiowanie)\" data-envira-retina=\"\" data-thumbnail=\"https:\/\/www.poztel.com.pl\/wp-content\/uploads\/2022\/07\/20220714_123146-Kopiowanie-150x100_c.jpg\" data-mobile-thumbnail=\"https:\/\/www.poztel.com.pl\/wp-content\/uploads\/2022\/07\/20220714_123146-Kopiowanie-150x100_c.jpg\"  itemprop=\"contentUrl\" ><img id=\"envira-gallery-image-168\" class=\"envira-gallery-image envira-lazy envira-gallery-image-5\" data-envira-index=\"5\" src=\"https:\/\/www.poztel.com.pl\/wp-content\/uploads\/2022\/07\/20220714_123146-Kopiowanie-768x433.jpg\" data-envira-src=\"https:\/\/www.poztel.com.pl\/wp-content\/uploads\/2022\/07\/20220714_123146-Kopiowanie-768x433.jpg\" data-envira-gallery-id=\"77\" data-envira-item-id=\"168\" data-envira-caption=\"\" alt=\"\" title=\"20220714_123146 (Kopiowanie)\"  itemprop=\"thumbnailUrl\" data-envira-srcset=\"https:\/\/www.poztel.com.pl\/wp-content\/uploads\/2022\/07\/20220714_123146-Kopiowanie-768x433.jpg 1x,https:\/\/www.poztel.com.pl\/wp-content\/uploads\/2022\/07\/20220714_123146-Kopiowanie-1536x960.jpg 2x\" srcset=\"https:\/\/www.poztel.com.pl\/wp-content\/uploads\/2022\/07\/20220714_123146-Kopiowanie-768x433.jpg 1x,https:\/\/www.poztel.com.pl\/wp-content\/uploads\/2022\/07\/20220714_123146-Kopiowanie-1536x960.jpg 2x\" \/><\/a><\/div><\/div><div id=\"envira-gallery-item-171\" class=\"envira-gallery-item enviratope-item envira-gallery-item-6\" style=\"padding-left: 5px; padding-bottom: 10px; padding-right: 5px;\"  itemscope itemtype=\"http:\/\/schema.org\/ImageObject\"><div class=\"envira-gallery-item-inner\"><div class=\"envira-gallery-position-overlay  envira-gallery-top-left\"><\/div><div class=\"envira-gallery-position-overlay  envira-gallery-top-right\"><\/div><div class=\"envira-gallery-position-overlay  envira-gallery-bottom-left\"><\/div><div class=\"envira-gallery-position-overlay  envira-gallery-bottom-right\"><\/div><a  href=\"https:\/\/www.poztel.com.pl\/wp-content\/uploads\/2022\/07\/20220714_123559-Kopiowanie.jpg\" class=\"envira-gallery-77 envira-gallery-link \" rel=\"enviragallery77\" title=\"20220714_123559 (Kopiowanie)\" data-envira-caption=\"20220714_123559 (Kopiowanie)\" data-envira-retina=\"\" data-thumbnail=\"https:\/\/www.poztel.com.pl\/wp-content\/uploads\/2022\/07\/20220714_123559-Kopiowanie-150x100_c.jpg\" data-mobile-thumbnail=\"https:\/\/www.poztel.com.pl\/wp-content\/uploads\/2022\/07\/20220714_123559-Kopiowanie-150x100_c.jpg\"  itemprop=\"contentUrl\" ><img id=\"envira-gallery-image-171\" class=\"envira-gallery-image envira-lazy envira-gallery-image-6\" data-envira-index=\"6\" src=\"https:\/\/www.poztel.com.pl\/wp-content\/uploads\/2022\/07\/20220714_123559-Kopiowanie-768x419.jpg\" data-envira-src=\"https:\/\/www.poztel.com.pl\/wp-content\/uploads\/2022\/07\/20220714_123559-Kopiowanie-768x419.jpg\" data-envira-gallery-id=\"77\" data-envira-item-id=\"171\" data-envira-caption=\"\" alt=\"\" title=\"20220714_123559 (Kopiowanie)\"  itemprop=\"thumbnailUrl\" data-envira-srcset=\"https:\/\/www.poztel.com.pl\/wp-content\/uploads\/2022\/07\/20220714_123559-Kopiowanie-768x419.jpg 1x,https:\/\/www.poztel.com.pl\/wp-content\/uploads\/2022\/07\/20220714_123559-Kopiowanie-1536x960.jpg 2x\" srcset=\"https:\/\/www.poztel.com.pl\/wp-content\/uploads\/2022\/07\/20220714_123559-Kopiowanie-768x419.jpg 1x,https:\/\/www.poztel.com.pl\/wp-content\/uploads\/2022\/07\/20220714_123559-Kopiowanie-1536x960.jpg 2x\" \/><\/a><\/div><\/div><div id=\"envira-gallery-item-167\" class=\"envira-gallery-item enviratope-item envira-gallery-item-7\" style=\"padding-left: 5px; padding-bottom: 10px; padding-right: 5px;\"  itemscope itemtype=\"http:\/\/schema.org\/ImageObject\"><div class=\"envira-gallery-item-inner\"><div class=\"envira-gallery-position-overlay  envira-gallery-top-left\"><\/div><div class=\"envira-gallery-position-overlay  envira-gallery-top-right\"><\/div><div class=\"envira-gallery-position-overlay  envira-gallery-bottom-left\"><\/div><div class=\"envira-gallery-position-overlay  envira-gallery-bottom-right\"><\/div><a  href=\"https:\/\/www.poztel.com.pl\/wp-content\/uploads\/2022\/07\/20220714_123135-Kopiowanie.jpg\" class=\"envira-gallery-77 envira-gallery-link \" rel=\"enviragallery77\" title=\"20220714_123135 (Kopiowanie)\" data-envira-caption=\"20220714_123135 (Kopiowanie)\" data-envira-retina=\"\" data-thumbnail=\"https:\/\/www.poztel.com.pl\/wp-content\/uploads\/2022\/07\/20220714_123135-Kopiowanie-150x100_c.jpg\" data-mobile-thumbnail=\"https:\/\/www.poztel.com.pl\/wp-content\/uploads\/2022\/07\/20220714_123135-Kopiowanie-150x100_c.jpg\"  itemprop=\"contentUrl\" ><img id=\"envira-gallery-image-167\" class=\"envira-gallery-image envira-lazy envira-gallery-image-7\" data-envira-index=\"7\" src=\"https:\/\/www.poztel.com.pl\/wp-content\/uploads\/2022\/07\/20220714_123135-Kopiowanie-768x433.jpg\" data-envira-src=\"https:\/\/www.poztel.com.pl\/wp-content\/uploads\/2022\/07\/20220714_123135-Kopiowanie-768x433.jpg\" data-envira-gallery-id=\"77\" data-envira-item-id=\"167\" data-envira-caption=\"\" alt=\"\" title=\"20220714_123135 (Kopiowanie)\"  itemprop=\"thumbnailUrl\" data-envira-srcset=\"https:\/\/www.poztel.com.pl\/wp-content\/uploads\/2022\/07\/20220714_123135-Kopiowanie-768x433.jpg 1x,https:\/\/www.poztel.com.pl\/wp-content\/uploads\/2022\/07\/20220714_123135-Kopiowanie-1536x960.jpg 2x\" srcset=\"https:\/\/www.poztel.com.pl\/wp-content\/uploads\/2022\/07\/20220714_123135-Kopiowanie-768x433.jpg 1x,https:\/\/www.poztel.com.pl\/wp-content\/uploads\/2022\/07\/20220714_123135-Kopiowanie-1536x960.jpg 2x\" \/><\/a><\/div><\/div><div id=\"envira-gallery-item-169\" class=\"envira-gallery-item enviratope-item envira-gallery-item-8\" style=\"padding-left: 5px; padding-bottom: 10px; padding-right: 5px;\"  itemscope itemtype=\"http:\/\/schema.org\/ImageObject\"><div class=\"envira-gallery-item-inner\"><div class=\"envira-gallery-position-overlay  envira-gallery-top-left\"><\/div><div class=\"envira-gallery-position-overlay  envira-gallery-top-right\"><\/div><div class=\"envira-gallery-position-overlay  envira-gallery-bottom-left\"><\/div><div class=\"envira-gallery-position-overlay  envira-gallery-bottom-right\"><\/div><a  href=\"https:\/\/www.poztel.com.pl\/wp-content\/uploads\/2022\/07\/20220714_123256-Kopiowanie.jpg\" class=\"envira-gallery-77 envira-gallery-link \" rel=\"enviragallery77\" title=\"20220714_123256 (Kopiowanie)\" data-envira-caption=\"20220714_123256 (Kopiowanie)\" data-envira-retina=\"\" data-thumbnail=\"https:\/\/www.poztel.com.pl\/wp-content\/uploads\/2022\/07\/20220714_123256-Kopiowanie-150x100_c.jpg\" data-mobile-thumbnail=\"https:\/\/www.poztel.com.pl\/wp-content\/uploads\/2022\/07\/20220714_123256-Kopiowanie-150x100_c.jpg\"  itemprop=\"contentUrl\" ><img id=\"envira-gallery-image-169\" class=\"envira-gallery-image envira-lazy envira-gallery-image-8\" data-envira-index=\"8\" src=\"https:\/\/www.poztel.com.pl\/wp-content\/uploads\/2022\/07\/20220714_123256-Kopiowanie-768x433.jpg\" data-envira-src=\"https:\/\/www.poztel.com.pl\/wp-content\/uploads\/2022\/07\/20220714_123256-Kopiowanie-768x433.jpg\" data-envira-gallery-id=\"77\" data-envira-item-id=\"169\" data-envira-caption=\"\" alt=\"\" title=\"20220714_123256 (Kopiowanie)\"  itemprop=\"thumbnailUrl\" data-envira-srcset=\"https:\/\/www.poztel.com.pl\/wp-content\/uploads\/2022\/07\/20220714_123256-Kopiowanie-768x433.jpg 1x,https:\/\/www.poztel.com.pl\/wp-content\/uploads\/2022\/07\/20220714_123256-Kopiowanie-1536x960.jpg 2x\" srcset=\"https:\/\/www.poztel.com.pl\/wp-content\/uploads\/2022\/07\/20220714_123256-Kopiowanie-768x433.jpg 1x,https:\/\/www.poztel.com.pl\/wp-content\/uploads\/2022\/07\/20220714_123256-Kopiowanie-1536x960.jpg 2x\" \/><\/a><\/div><\/div><\/div><\/div><noscript><img src=\"https:\/\/www.poztel.com.pl\/wp-content\/uploads\/2022\/07\/20220714_122744-Kopiowanie.jpg\" alt=\"\" \/><img src=\"https:\/\/www.poztel.com.pl\/wp-content\/uploads\/2022\/07\/20220714_123014-Kopiowanie.jpg\" alt=\"\" \/><img src=\"https:\/\/www.poztel.com.pl\/wp-content\/uploads\/2022\/07\/20220714_122848-Kopiowanie.jpg\" alt=\"\" \/><img src=\"https:\/\/www.poztel.com.pl\/wp-content\/uploads\/2022\/07\/20220714_123353-Kopiowanie.jpg\" alt=\"\" \/><img src=\"https:\/\/www.poztel.com.pl\/wp-content\/uploads\/2022\/07\/20220714_123146-Kopiowanie.jpg\" alt=\"\" \/><img src=\"https:\/\/www.poztel.com.pl\/wp-content\/uploads\/2022\/07\/20220714_123559-Kopiowanie.jpg\" alt=\"\" \/><img src=\"https:\/\/www.poztel.com.pl\/wp-content\/uploads\/2022\/07\/20220714_123135-Kopiowanie.jpg\" alt=\"\" \/><img src=\"https:\/\/www.poztel.com.pl\/wp-content\/uploads\/2022\/07\/20220714_123256-Kopiowanie.jpg\" alt=\"\" \/><\/noscript><\/code><\/p>\n","protected":false},"excerpt":{"rendered":"<p>Stacja paliw jest zarz\u0105dzana przez firm\u0119 Watis. Prowadzi sprzeda\u017c paliw i towar\u00f3w w sklepie. W s\u0105siedztwie stacji paliw znajduje si\u0119 r\u0119czna myjnia samochodowa oraz serwis\u00a0 samochod\u00f3w i wulkanizacja 60-167 Pozna\u0144 ul. Wo\u0142czy\u0144ska 50<\/p>\n","protected":false},"author":1,"featured_media":35,"parent":0,"menu_order":0,"comment_status":"closed","ping_status":"closed","template":"","meta":[],"_links":{"self":[{"href":"https:\/\/www.poztel.com.pl\/index.php\/wp-json\/wp\/v2\/pages\/12"}],"collection":[{"href":"https:\/\/www.poztel.com.pl\/index.php\/wp-json\/wp\/v2\/pages"}],"about":[{"href":"https:\/\/www.poztel.com.pl\/index.php\/wp-json\/wp\/v2\/types\/page"}],"author":[{"embeddable":true,"href":"https:\/\/www.poztel.com.pl\/index.php\/wp-json\/wp\/v2\/users\/1"}],"replies":[{"embeddable":true,"href":"https:\/\/www.poztel.com.pl\/index.php\/wp-json\/wp\/v2\/comments?post=12"}],"version-history":[{"count":4,"href":"https:\/\/www.poztel.com.pl\/index.php\/wp-json\/wp\/v2\/pages\/12\/revisions"}],"predecessor-version":[{"id":153,"href":"https:\/\/www.poztel.com.pl\/index.php\/wp-json\/wp\/v2\/pages\/12\/revisions\/153"}],"wp:featuredmedia":[{"embeddable":true,"href":"https:\/\/www.poztel.com.pl\/index.php\/wp-json\/wp\/v2\/media\/35"}],"wp:attachment":[{"href":"https:\/\/www.poztel.com.pl\/index.php\/wp-json\/wp\/v2\/media?parent=12"}],"curies":[{"name":"wp","href":"https:\/\/api.w.org\/{rel}","templated":true}]}}