{"id":10,"date":"2017-10-12T22:07:16","date_gmt":"2017-10-12T20:07:16","guid":{"rendered":"http:\/\/www.poztel.com.pl\/?page_id=10"},"modified":"2017-10-12T22:07:16","modified_gmt":"2017-10-12T20:07:16","slug":"o-nas","status":"publish","type":"page","link":"https:\/\/www.poztel.com.pl\/index.php\/o-nas\/","title":{"rendered":"O NAS"},"content":{"rendered":"<p>Reprezentuj\u0105c firm\u0119 dzia\u0142aj\u0105c\u0105 od 1950 roku pragn\u0119 zaoferowa\u0107 Pa\u0144stwu nasze us\u0142ugi.<\/p>\n<p><strong>POZTEL S.A.<\/strong>\u00a0kontynuuj\u0105c tradycje Pozna\u0144skiego Przedsi\u0119biorstwa Rob\u00f3t Telekomunikacyjnych, nale\u017cy od wielu lat do wiod\u0105cych firm na polskim rynku budownictwa telekomunikacyjnego.W ramach podstawowej dzia\u0142alno\u015bci firmy oferujemy kompleksowe wykonawstwo nast\u0119puj\u0105cych zada\u0144<\/p>\n<ul>\n<li>projektowanie, budowa, remonty, serwis\/utrzymanie sieci telefonicznych oraz linii kablowych metalowych i \u015bwiat\u0142owodowych.<\/li>\n<li>projektowanie, monta\u017c i serwis nowoczesnych central telefonicznych i urz\u0105dze\u0144 teletransmisyjnych.<\/li>\n<li>projektowanie, monta\u017c i serwis instalacji, sieci strukturalnych, system\u00f3w zabezpieczenia mienia, TV-przemys\u0142owej, monitoring RTV, sygnalizacji i wykrywania po\u017caru, rejestracja czasu pracy itp.<\/li>\n<\/ul>\n<p>Prowadzimy r\u00f3wnie\u017c dzia\u0142alno\u015b\u0107 z zakresu budownictwa og\u00f3lnego, sprzeda\u017cy hurtowej i detalicznej paliw p\u0142ynnych, materia\u0142\u00f3w budowlanych i telekomunikacyjnych, us\u0142ug sprz\u0119tu do prac budowlanych i telekomunikacyjnych, z obs\u0142ug\u0105 operatorsk\u0105.<\/p>\n<p>Posiadamy:<\/p>\n<p>&#8211; kapita\u0142 finansowy,<\/p>\n<p>&#8211; bogate zaplecze techniczne,<\/p>\n<p>&#8211; dobrze wyposa\u017cone warsztaty i magazyny,<\/p>\n<p>&#8211; dysponujemy nowoczesn\u0105 baz\u0105 biurow\u0105 i informatyczn\u0105,<\/p>\n<p>Jeste\u015bmy przedsi\u0119biorstwem o du\u017cych mo\u017cliwo\u015bciach &#8211; otwartym na wszystkie propozycje wsp\u00f3\u0142pracyOferujemy bardzo korzystne warunki finansowe i kr\u00f3tkie okresy realizacji zada\u0144 produkcyjnych.<\/p>\n<p>Zapraszamy do wsp\u00f3\u0142pracy<\/p>\n<p><strong>ZARZ\u0104D<\/strong><\/p>\n","protected":false},"excerpt":{"rendered":"<p>Reprezentuj\u0105c firm\u0119 dzia\u0142aj\u0105c\u0105 od 1950 roku pragn\u0119 zaoferowa\u0107 Pa\u0144stwu nasze us\u0142ugi. POZTEL S.A.\u00a0kontynuuj\u0105c tradycje Pozna\u0144skiego Przedsi\u0119biorstwa Rob\u00f3t Telekomunikacyjnych, nale\u017cy od wielu lat do wiod\u0105cych firm na polskim rynku budownictwa telekomunikacyjnego.W ramach podstawowej dzia\u0142alno\u015bci firmy oferujemy kompleksowe wykonawstwo nast\u0119puj\u0105cych zada\u0144 projektowanie, budowa, remonty, serwis\/utrzymanie sieci telefonicznych oraz linii kablowych metalowych i \u015bwiat\u0142owodowych. projektowanie, monta\u017c i serwis [&hellip;]<\/p>\n","protected":false},"author":1,"featured_media":0,"parent":0,"menu_order":0,"comment_status":"closed","ping_status":"closed","template":"","meta":[],"_links":{"self":[{"href":"https:\/\/www.poztel.com.pl\/index.php\/wp-json\/wp\/v2\/pages\/10"}],"collection":[{"href":"https:\/\/www.poztel.com.pl\/index.php\/wp-json\/wp\/v2\/pages"}],"about":[{"href":"https:\/\/www.poztel.com.pl\/index.php\/wp-json\/wp\/v2\/types\/page"}],"author":[{"embeddable":true,"href":"https:\/\/www.poztel.com.pl\/index.php\/wp-json\/wp\/v2\/users\/1"}],"replies":[{"embeddable":true,"href":"https:\/\/www.poztel.com.pl\/index.php\/wp-json\/wp\/v2\/comments?post=10"}],"version-history":[{"count":1,"href":"https:\/\/www.poztel.com.pl\/index.php\/wp-json\/wp\/v2\/pages\/10\/revisions"}],"predecessor-version":[{"id":11,"href":"https:\/\/www.poztel.com.pl\/index.php\/wp-json\/wp\/v2\/pages\/10\/revisions\/11"}],"wp:attachment":[{"href":"https:\/\/www.poztel.com.pl\/index.php\/wp-json\/wp\/v2\/media?parent=10"}],"curies":[{"name":"wp","href":"https:\/\/api.w.org\/{rel}","templated":true}]}}